{"id":4163,"date":"2016-04-08T18:18:07","date_gmt":"2016-04-08T16:18:07","guid":{"rendered":"http:\/\/www.proclic-test.it\/hotel\/?page_id=4163"},"modified":"2016-05-05T11:26:59","modified_gmt":"2016-05-05T09:26:59","slug":"food-and-beverage-ristoranti","status":"publish","type":"page","link":"https:\/\/hotelbologna.pisa.it\/fr\/food-and-beverage-ristoranti.html","title":{"rendered":"FOOD AND BEVERAGE &#8211; RESTAURANTS"},"content":{"rendered":"<p>A Pise on mange bien!<\/p>\n<p><strong>Tout pr\u00e8s de notre H\u00f4tel<\/strong>, vous pouvez trouver beaucoup de restaurants avec un ample choix de sp\u00e9cialit\u00e9s typiques de la <strong>cuisine toscane<\/strong>.<\/p>\n<p>Nous avons fait une p\u00e9tite s\u00e9lection: pour tous reinsegnements, le personnel de l\u2019H\u00f4tel est \u00e0 votre disposition pour vous conseiller.<\/p>\n<p>Restaurants recommand\u00e9s:<\/p>\n<p>&nbsp;<\/p>\n<p>&#8211; 50 m\u00e9tres <a><strong>Repubbliche Marinare<\/strong><\/a><\/p>\n<p><a><img src=\"http:\/\/www.hotelbologna.pisa.it\/img\/repubbliche-marinare.jpg\" alt=\"\" \/><\/a><\/p>\n<p>&#8211; <a><strong>Osteria San Paolo<\/strong><\/a><\/p>\n<p><a><img src=\"http:\/\/www.hotelbologna.pisa.it\/img\/osteria-san-paolo.jpg\" alt=\"\" \/><\/a><\/p>\n<p>&#8211; a 450 metri <a><strong>La Sosta dei Cavalieri<\/strong><\/a><\/p>\n<p><a><img src=\"http:\/\/www.hotelbologna.pisa.it\/img\/sosta-cavalieri.jpg\" alt=\"\" \/><\/a><\/p>\n<p>&#8211; a 500 metri <a><strong>Osteria dei Cavalieri<\/strong><\/a><\/p>\n<p><a><img src=\"http:\/\/www.hotelbologna.pisa.it\/img\/osteria-cavalieri.jpg\" alt=\"\" \/><\/a><\/p>","protected":false},"excerpt":{"rendered":"<p>A Pise on mange bien! Tout pr\u00e8s de notre H\u00f4tel, vous pouvez trouver beaucoup de restaurants avec un ample choix de sp\u00e9cialit\u00e9s typiques de la cuisine toscane. Nous avons fait une p\u00e9tite s\u00e9lection: pour tous reinsegnements, le personnel de l\u2019H\u00f4tel est \u00e0 votre disposition pour vous conseiller. Restaurants recommand\u00e9s: &nbsp; &#8211; 50 m\u00e9tres Repubbliche Marinare&#8230; <\/p>\n<div class=\"clear\"><\/div>\n<p><a href=\"https:\/\/hotelbologna.pisa.it\/fr\/food-and-beverage-ristoranti.html\" class=\"excerpt-read-more\">Continue Reading<i class=\"fa fa-long-arrow-right icon-long-arrow-right\"><\/i><\/a><\/p>\n","protected":false},"author":1,"featured_media":0,"parent":0,"menu_order":0,"comment_status":"closed","ping_status":"closed","template":"","meta":[],"_links":{"self":[{"href":"https:\/\/hotelbologna.pisa.it\/fr\/wp-json\/wp\/v2\/pages\/4163"}],"collection":[{"href":"https:\/\/hotelbologna.pisa.it\/fr\/wp-json\/wp\/v2\/pages"}],"about":[{"href":"https:\/\/hotelbologna.pisa.it\/fr\/wp-json\/wp\/v2\/types\/page"}],"author":[{"embeddable":true,"href":"https:\/\/hotelbologna.pisa.it\/fr\/wp-json\/wp\/v2\/users\/1"}],"replies":[{"embeddable":true,"href":"https:\/\/hotelbologna.pisa.it\/fr\/wp-json\/wp\/v2\/comments?post=4163"}],"version-history":[{"count":10,"href":"https:\/\/hotelbologna.pisa.it\/fr\/wp-json\/wp\/v2\/pages\/4163\/revisions"}],"predecessor-version":[{"id":4682,"href":"https:\/\/hotelbologna.pisa.it\/fr\/wp-json\/wp\/v2\/pages\/4163\/revisions\/4682"}],"wp:attachment":[{"href":"https:\/\/hotelbologna.pisa.it\/fr\/wp-json\/wp\/v2\/media?parent=4163"}],"curies":[{"name":"wp","href":"https:\/\/api.w.org\/{rel}","templated":true}]}}