{"id":4170,"date":"2016-04-11T09:40:40","date_gmt":"2016-04-11T07:40:40","guid":{"rendered":"http:\/\/www.proclic-test.it\/hotel\/?page_id=4170"},"modified":"2023-09-04T10:10:26","modified_gmt":"2023-09-04T08:10:26","slug":"servizi","status":"publish","type":"page","link":"https:\/\/hotelbologna.pisa.it\/fr\/servizi.html","title":{"rendered":"SERVICES"},"content":{"rendered":"<p>[vc_row][vc_column][vc_column_text]<\/p>\n<div id=\"descrizione\">\n<table border=\"0\" width=\"560\">\n<tbody>\n<tr>\n<td width=\"250\"><strong>DANS CHAQUE CHAMBRE<\/strong><\/td>\n<td width=\"300\"><strong>A LA DISPOSITION DES H\u00d4TES<\/strong><\/td>\n<\/tr>\n<tr>\n<td>\n<ul>\n<li>SAT-TV en 4 langues<\/li>\n<\/ul>\n<\/td>\n<td>\n<ul>\n<li>parking interne surveill\u00e9\u00a0(\u20ac 15,00)<\/li>\n<\/ul>\n<\/td>\n<\/tr>\n<tr>\n<td>\n<ul>\n<li>syst\u00e8me de connexion wireless <strong>free<\/strong><\/li>\n<\/ul>\n<\/td>\n<td>\n<ul>\n<li>petit d\u00e9jeuner continental enrichi d\u2019\u0153ufs, de\u00a0charcuterie et de fromage<\/li>\n<\/ul>\n<\/td>\n<\/tr>\n<tr>\n<td>\n<ul>\n<li>coffre-fort<\/li>\n<\/ul>\n<\/td>\n<td>\n<ul>\n<li>service de buanderie<\/li>\n<\/ul>\n<\/td>\n<\/tr>\n<tr>\n<td>\n<ul>\n<li>minibar, l\u2019eau <strong>free<\/strong><\/li>\n<\/ul>\n<\/td>\n<td>\n<ul>\n<li>2 Internet points dans le hall<\/li>\n<\/ul>\n<\/td>\n<\/tr>\n<tr>\n<td>\n<ul>\n<li>climatisation autonome<\/li>\n<\/ul>\n<\/td>\n<td>\n<ul>\n<li>bar<\/li>\n<\/ul>\n<\/td>\n<\/tr>\n<tr>\n<td>\n<ul>\n<li>bouilloire<\/li>\n<\/ul>\n<\/td>\n<td>\n<ul>\n<li>salle de lecture<\/li>\n<\/ul>\n<\/td>\n<\/tr>\n<tr>\n<td>\n<ul>\n<li>services en chambre 24H\/24<\/li>\n<\/ul>\n<\/td>\n<td>\n<ul>\n<li>service de navette<\/li>\n<\/ul>\n<\/td>\n<\/tr>\n<tr>\n<td><\/td>\n<td><\/td>\n<\/tr>\n<tr>\n<td>\n<div class=\"gdlr-shortcode-wrapper\"><div class=\"gdlr-gallery-item gdlr-item\" ><div class=\"gallery-column four columns\"><div class=\"gallery-item\"><img src=\"https:\/\/hotelbologna.pisa.it\/wp-content\/uploads\/2016\/04\/wi-fi.png\" alt=\"\" width=\"55\" height=\"55\" \/><\/div><\/div><div class=\"gallery-column four columns\"><div class=\"gallery-item\"><img src=\"https:\/\/hotelbologna.pisa.it\/wp-content\/uploads\/2016\/04\/cassaforte.png\" alt=\"\" width=\"55\" height=\"55\" \/><\/div><\/div><div class=\"gallery-column four columns\"><div class=\"gallery-item\"><img src=\"https:\/\/hotelbologna.pisa.it\/wp-content\/uploads\/2016\/04\/climatizzazione.png\" alt=\"\" width=\"55\" height=\"55\" \/><\/div><\/div><div class=\"clear\"><\/div><div class=\"gallery-column four columns\"><div class=\"gallery-item\"><img src=\"https:\/\/hotelbologna.pisa.it\/wp-content\/uploads\/2016\/04\/servizi-bollitore.png\" alt=\"\" width=\"55\" height=\"55\" \/><\/div><\/div><div class=\"gallery-column four columns\"><div class=\"gallery-item\"><img src=\"https:\/\/hotelbologna.pisa.it\/wp-content\/uploads\/2016\/04\/servizi-fon.png\" alt=\"\" width=\"55\" height=\"55\" \/><\/div><\/div><div class=\"clear\"><\/div><\/div><\/div>\n<\/td>\n<td>\n<div class=\"gdlr-shortcode-wrapper\"><div class=\"gdlr-gallery-item gdlr-item\" ><div class=\"gallery-column four columns\"><div class=\"gallery-item\"><img src=\"https:\/\/hotelbologna.pisa.it\/wp-content\/uploads\/2016\/04\/servizi-free-shuttle.png\" alt=\"\" width=\"55\" height=\"55\" \/><\/div><\/div><div class=\"gallery-column four columns\"><div class=\"gallery-item\"><img src=\"https:\/\/hotelbologna.pisa.it\/wp-content\/uploads\/2016\/04\/servizi-colazione.png\" alt=\"\" width=\"55\" height=\"55\" \/><\/div><\/div><div class=\"gallery-column four columns\"><div class=\"gallery-item\"><img src=\"https:\/\/hotelbologna.pisa.it\/wp-content\/uploads\/2016\/04\/wi-fi-1.png\" alt=\"\" width=\"55\" height=\"55\" \/><\/div><\/div><div class=\"clear\"><\/div><div class=\"gallery-column four columns\"><div class=\"gallery-item\"><img src=\"https:\/\/hotelbologna.pisa.it\/wp-content\/uploads\/2016\/04\/servizi-cocktail.png\" alt=\"\" width=\"55\" height=\"55\" \/><\/div><\/div><div class=\"gallery-column four columns\"><div class=\"gallery-item\"><img src=\"https:\/\/hotelbologna.pisa.it\/wp-content\/uploads\/2016\/04\/servizi-parcheggio-custodito.png\" alt=\"\" width=\"55\" height=\"55\" \/><\/div><\/div><div class=\"clear\"><\/div><\/div><\/div>\n<\/td>\n<\/tr>\n<\/tbody>\n<\/table>\n<div id=\"titolo-descrizione\"><strong>SERVICES R\u00c9SERV\u00c9S<\/strong><\/div>\n<p>L&#8217;H\u00f4tel Bologna met \u00e9galement \u00e0 votre disposition une s\u00e9rie de <strong>services suppl\u00e9mentaires<\/strong> qui rendront vos vacances et vos s\u00e9jours encore plus pratiques et int\u00e9ressants.<\/p>\n<ul>\n<li><a href=\"https:\/\/hotelbologna.pisa.it\/shuttle-service\/\">Service de navette<\/a><\/li>\n<li><a href=\"https:\/\/hotelbologna.pisa.it\/escursioni\/\">Excursion organis\u00e9es<\/a><\/li>\n<\/ul>\n<\/div>\n<div id=\"noi\"><\/div>\n<p>[\/vc_column_text][vc_raw_html]JTNDc3R5bGUlM0V0YWJsZSUyMHRyJTIwdGQlMjAlN0IlMEElMjAlMjAlMjAlMjBwYWRkaW5nJTNBJTIwMTVweCUyMDEwcHglMjAwcHglMjAyMHB4JTNCJTBBJTIwJTIwJTIwJTIwYm9yZGVyLWJvdHRvbS13aWR0aCUzQSUyMDBweCUzQiUwQSUyMCUyMCUyMCUyMGJvcmRlci1ib3R0b20tc3R5bGUlM0ElMjBzb2xpZCUzQiUwQSU3RHRkJTNBbnRoLWNoaWxkJTI4MiUyOSU3QmJvcmRlci1sZWZ0JTNBJTIwJTIwLjVweCUyMHNvbGlkJTIwJTIzRDZDNUI3JTNCJTdEJTIwdGFibGUlMjAlN0IlMEElMjAlMjAlMjAlMjB3aWR0aCUzQSUyMDEwMCUyNSUzQiUwQSUyMCUyMCUyMCUyMHRleHQtYWxpZ24lM0ElMjBsZWZ0JTNCJTIwJTIwJTBBJTdEdGQlM0V1bCUzRWxpJTIwJTdCJTBBJTIwJTIwJTIwJTIwbGlzdC1zdHlsZS1pbWFnZSUzQSUyMHVybCUyOCUyN2h0dHAlM0ElMkYlMkZ3d3cucHJvY2xpYy10ZXN0Lml0JTJGaG90ZWwlMkZ3cC1jb250ZW50JTJGdXBsb2FkcyUyRjIwMTYlMkYwNCUyRnRpY2stMS5wbmclMjclMjklM0IlMEElN0QlM0MlMkZzdHlsZSUzRQ==[\/vc_raw_html][\/vc_column][\/vc_row]<\/p>","protected":false},"excerpt":{"rendered":"<p>[vc_row][vc_column][vc_column_text] DANS CHAQUE CHAMBRE A LA DISPOSITION DES H\u00d4TES SAT-TV en 4 langues parking interne surveill\u00e9\u00a0(\u20ac 15,00) syst\u00e8me de connexion wireless free petit d\u00e9jeuner continental enrichi d\u2019\u0153ufs, de\u00a0charcuterie et de fromage coffre-fort service de buanderie minibar, l\u2019eau free 2 Internet points dans le hall climatisation autonome bar bouilloire salle de lecture services en chambre 24H\/24&#8230; <\/p>\n<div class=\"clear\"><\/div>\n<p><a href=\"https:\/\/hotelbologna.pisa.it\/fr\/servizi.html\" class=\"excerpt-read-more\">Continue Reading<i class=\"fa fa-long-arrow-right icon-long-arrow-right\"><\/i><\/a><\/p>\n","protected":false},"author":1,"featured_media":0,"parent":0,"menu_order":0,"comment_status":"closed","ping_status":"closed","template":"","meta":[],"_links":{"self":[{"href":"https:\/\/hotelbologna.pisa.it\/fr\/wp-json\/wp\/v2\/pages\/4170"}],"collection":[{"href":"https:\/\/hotelbologna.pisa.it\/fr\/wp-json\/wp\/v2\/pages"}],"about":[{"href":"https:\/\/hotelbologna.pisa.it\/fr\/wp-json\/wp\/v2\/types\/page"}],"author":[{"embeddable":true,"href":"https:\/\/hotelbologna.pisa.it\/fr\/wp-json\/wp\/v2\/users\/1"}],"replies":[{"embeddable":true,"href":"https:\/\/hotelbologna.pisa.it\/fr\/wp-json\/wp\/v2\/comments?post=4170"}],"version-history":[{"count":9,"href":"https:\/\/hotelbologna.pisa.it\/fr\/wp-json\/wp\/v2\/pages\/4170\/revisions"}],"predecessor-version":[{"id":4901,"href":"https:\/\/hotelbologna.pisa.it\/fr\/wp-json\/wp\/v2\/pages\/4170\/revisions\/4901"}],"wp:attachment":[{"href":"https:\/\/hotelbologna.pisa.it\/fr\/wp-json\/wp\/v2\/media?parent=4170"}],"curies":[{"name":"wp","href":"https:\/\/api.w.org\/{rel}","templated":true}]}}