{"id":4180,"date":"2016-04-11T09:55:20","date_gmt":"2016-04-11T07:55:20","guid":{"rendered":"http:\/\/www.proclic-test.it\/hotel\/?page_id=4180"},"modified":"2016-05-27T15:38:03","modified_gmt":"2016-05-27T13:38:03","slug":"sala-meeting-ferro-di-cavallo","status":"publish","type":"page","link":"https:\/\/hotelbologna.pisa.it\/fr\/sala-meeting-ferro-di-cavallo.html","title":{"rendered":"Salle de R\u00e9union &#8211; FERRO DI CAVALLO"},"content":{"rendered":"<p><\/p>\n<div id=\"descrizione\">\n<p>L&#8217;h\u00f4tel dispose d&#8217;une salle de r\u00e9union enti\u00e8rement \u00e9quip\u00e9e pour des conf\u00e9rences, des cours de formation, r\u00e9unions d&#8217;affaires et des r\u00e9unions d&#8217;affaires.D\u00e9cor\u00e9 en pleine conformit\u00e9 avec le reste du b\u00e2timent,<strong> la salle offre la possibilit\u00e9 de 36 si\u00e8ges, projecteur, connexion r\u00e9seau, un microphone, un excellent syst\u00e8me de son et paperboard<\/strong>.Vous pouvez \u00e9galement demander l&#8217;aide du<strong> personnel de soutien<\/strong>, \u00e9l\u00e9gant et multilingue, pour rendre parfaite l&#8217;organisation de votre r\u00e9union.<\/p>\n<p>Cependant, il est toujours un service de bar disponible pour les participants, avec la mise en sc\u00e8ne de la pause-caf\u00e9 \u00e0 l&#8217;H\u00f4tel avec soin.<\/p>\n<ul>\n<li>beamer<\/li>\n<li>microphone<\/li>\n<li>sonorisation<\/li>\n<li>Retournez \u00e0 feuillets mobiles<\/li>\n<li>acc\u00e8s Internet<\/li>\n<li>Zone Conditioning<\/li>\n<\/ul>\n<\/div>\n<p><\/p>","protected":false},"excerpt":{"rendered":"<p>L&#8217;h\u00f4tel dispose d&#8217;une salle de r\u00e9union enti\u00e8rement \u00e9quip\u00e9e pour des conf\u00e9rences, des cours de formation, r\u00e9unions d&#8217;affaires et des r\u00e9unions d&#8217;affaires.D\u00e9cor\u00e9 en pleine conformit\u00e9 avec le reste du b\u00e2timent, la salle offre la possibilit\u00e9 de 36 si\u00e8ges, projecteur, connexion r\u00e9seau, un microphone, un excellent syst\u00e8me de son et paperboard.Vous pouvez \u00e9galement demander l&#8217;aide du personnel&#8230; <\/p>\n<div class=\"clear\"><\/div>\n<p><a href=\"https:\/\/hotelbologna.pisa.it\/fr\/sala-meeting-ferro-di-cavallo.html\" class=\"excerpt-read-more\">Continue Reading<i class=\"fa fa-long-arrow-right icon-long-arrow-right\"><\/i><\/a><\/p>\n","protected":false},"author":1,"featured_media":0,"parent":0,"menu_order":0,"comment_status":"closed","ping_status":"closed","template":"","meta":[],"_links":{"self":[{"href":"https:\/\/hotelbologna.pisa.it\/fr\/wp-json\/wp\/v2\/pages\/4180"}],"collection":[{"href":"https:\/\/hotelbologna.pisa.it\/fr\/wp-json\/wp\/v2\/pages"}],"about":[{"href":"https:\/\/hotelbologna.pisa.it\/fr\/wp-json\/wp\/v2\/types\/page"}],"author":[{"embeddable":true,"href":"https:\/\/hotelbologna.pisa.it\/fr\/wp-json\/wp\/v2\/users\/1"}],"replies":[{"embeddable":true,"href":"https:\/\/hotelbologna.pisa.it\/fr\/wp-json\/wp\/v2\/comments?post=4180"}],"version-history":[{"count":6,"href":"https:\/\/hotelbologna.pisa.it\/fr\/wp-json\/wp\/v2\/pages\/4180\/revisions"}],"predecessor-version":[{"id":4812,"href":"https:\/\/hotelbologna.pisa.it\/fr\/wp-json\/wp\/v2\/pages\/4180\/revisions\/4812"}],"wp:attachment":[{"href":"https:\/\/hotelbologna.pisa.it\/fr\/wp-json\/wp\/v2\/media?parent=4180"}],"curies":[{"name":"wp","href":"https:\/\/api.w.org\/{rel}","templated":true}]}}