{"id":4272,"date":"2016-04-13T16:55:35","date_gmt":"2016-04-13T14:55:35","guid":{"rendered":"http:\/\/www.proclic-test.it\/hotel\/?page_id=4272"},"modified":"2016-04-13T17:08:43","modified_gmt":"2016-04-13T15:08:43","slug":"albergo-pisa-centro","status":"publish","type":"page","link":"https:\/\/hotelbologna.pisa.it\/fr\/hotel_pisa\/albergo-pisa-centro.html","title":{"rendered":"Albergo Pisa Centro"},"content":{"rendered":"<p class=\"qtranxs-available-languages-message qtranxs-available-languages-message-fr\">D\u00e9sol\u00e9, cet article est seulement disponible en <a href=\"https:\/\/hotelbologna.pisa.it\/it\/wp-json\/wp\/v2\/pages\/4272\" class=\"qtranxs-available-language-link qtranxs-available-language-link-it\" title=\"Italiano\">Italien<\/a>. Pour le confort de l\u2019utilisateur, le contenu est affich\u00e9 ci-dessous dans une autre langue. Vous pouvez cliquer le lien pour changer de langue active.<\/p><p><\/p>\n<div id=\"titolo-descrizione\">\n<h1><strong>Hotel Pisa centro: Hotel Bologna la scelta ideale<\/strong><\/h1>\n<\/div>\n<p>State pensando di andare in vacanza a Pisa e cercate un <strong>albergo in centro<\/strong>?<\/p>\n<p>La soluzione \u00e8 senza dubbio l\u2019Hotel Bologna. A pochi passi dal duomo e dal centro storico, in un elegante palazzo arredato secondo la tradizione toscana, l\u2019hotel \u00e8 comunque comodamente raggiungibile dalla stazione e dalle autostrade.<\/p>\n<p>Pisa \u00e8 una provincia a misura d\u2019uomo. Non \u00e8 afflitta dai problemi del traffico che sono presenti altrove e allo stesso tempo \u00e8 una citt\u00e0 ricca di arte, di monumenti celebrati ma anche di piccoli e intensi scorci architettonici che vanno di volta in volta scoperti.<\/p>\n<p>L\u2019Albergo Bologna di Pisa mette a disposizione dei suoi clienti le biciclette per muovervi con comodit\u00e0, creando sul momento il vostro percorso.<\/p>\n<p>Tra gli hotels a Pisa, <strong>l\u2019Hotel Bologna spicca per l\u2019eleganza e le offerte di cui godono i clienti<\/strong>: sala meeting, connessione wifi, ampia terrazza, parcheggio interno custodito. C\u2019\u00e8 poi la possibilit\u00e0 di usufruire di vetture di lusso per un servizio shuttle, o dell\u2019organizzazione di escursioni sull\u2019Arno o nel centro storico. Il tutto in una cornice d\u2019altri tempi, in cui i vostri desideri saranno presi come esigenze dallo staff multilingue.<\/p>\n<p>Da oltre 50 anni la famiglia Gherardi, proprietaria dell\u2019Hotel Bologna a Pisa, s\u2019impegna nell\u2019offrire un\u2019ospitalit\u00e0 di prim\u2019ordine, basata sulla cortesia e sul continuo adeguamento dei propri servizi rispetto alle esigenze dei tempi.<\/p>\n<p>All\u2019Hotel Bologna a Pisa, in ogni camera a disposizione degli ospiti c\u2019\u00e8 la pay tv SKY in 4 lingue, sistema connessione wireless, cassaforte, minibar, climatizzazione autonoma, servizio in camera 24h.<\/p>\n<p>Inoltre all\u2019Hotel Bologna di Pisa potrete trovare <strong>parcheggio interno custodito<\/strong>, colazione continentale arricchita da uova, salumi e formaggi, servizio lavanderia, internet point nella hall, area bar, sala lettura, noleggio biciclette e shuttle service (a pagamento).<\/p>\n<p>Cosa aspetti, guarda sul sito dell\u2019<a title=\"hotel pisa\" href=\"http:\/\/www.hotelbologna.pisa.it\/default.php\">Hotel Bologna di Pisa<\/a> le foto delle camere e prenota subito!<\/p>","protected":false},"excerpt":{"rendered":"<p>D\u00e9sol\u00e9, cet article est seulement disponible en Italien. Pour le confort de l\u2019utilisateur, le contenu est affich\u00e9 ci-dessous dans une autre langue. Vous pouvez cliquer le lien pour changer de langue active. Hotel Pisa centro: Hotel Bologna la scelta ideale State pensando di andare in vacanza a Pisa e cercate un albergo in centro? La&#8230; <\/p>\n<div class=\"clear\"><\/div>\n<p><a href=\"https:\/\/hotelbologna.pisa.it\/fr\/hotel_pisa\/albergo-pisa-centro.html\" class=\"excerpt-read-more\">Continue Reading<i class=\"fa fa-long-arrow-right icon-long-arrow-right\"><\/i><\/a><\/p>\n","protected":false},"author":1,"featured_media":0,"parent":4225,"menu_order":0,"comment_status":"closed","ping_status":"closed","template":"","meta":[],"_links":{"self":[{"href":"https:\/\/hotelbologna.pisa.it\/fr\/wp-json\/wp\/v2\/pages\/4272"}],"collection":[{"href":"https:\/\/hotelbologna.pisa.it\/fr\/wp-json\/wp\/v2\/pages"}],"about":[{"href":"https:\/\/hotelbologna.pisa.it\/fr\/wp-json\/wp\/v2\/types\/page"}],"author":[{"embeddable":true,"href":"https:\/\/hotelbologna.pisa.it\/fr\/wp-json\/wp\/v2\/users\/1"}],"replies":[{"embeddable":true,"href":"https:\/\/hotelbologna.pisa.it\/fr\/wp-json\/wp\/v2\/comments?post=4272"}],"version-history":[{"count":2,"href":"https:\/\/hotelbologna.pisa.it\/fr\/wp-json\/wp\/v2\/pages\/4272\/revisions"}],"predecessor-version":[{"id":4289,"href":"https:\/\/hotelbologna.pisa.it\/fr\/wp-json\/wp\/v2\/pages\/4272\/revisions\/4289"}],"up":[{"embeddable":true,"href":"https:\/\/hotelbologna.pisa.it\/fr\/wp-json\/wp\/v2\/pages\/4225"}],"wp:attachment":[{"href":"https:\/\/hotelbologna.pisa.it\/fr\/wp-json\/wp\/v2\/media?parent=4272"}],"curies":[{"name":"wp","href":"https:\/\/api.w.org\/{rel}","templated":true}]}}