{"id":4315,"date":"2016-04-13T17:25:05","date_gmt":"2016-04-13T15:25:05","guid":{"rendered":"http:\/\/www.proclic-test.it\/hotel\/?page_id=4315"},"modified":"2016-04-13T17:25:05","modified_gmt":"2016-04-13T15:25:05","slug":"albergo-centro-storico-pisa","status":"publish","type":"page","link":"https:\/\/hotelbologna.pisa.it\/fr\/hotel_pisa\/albergo-centro-storico-pisa.html","title":{"rendered":"Albergo Centro Storico Pisa"},"content":{"rendered":"<p class=\"qtranxs-available-languages-message qtranxs-available-languages-message-fr\">D\u00e9sol\u00e9, cet article est seulement disponible en <a href=\"https:\/\/hotelbologna.pisa.it\/it\/wp-json\/wp\/v2\/pages\/4315\" class=\"qtranxs-available-language-link qtranxs-available-language-link-it\" title=\"Italiano\">Italien<\/a>. Pour le confort de l\u2019utilisateur, le contenu est affich\u00e9 ci-dessous dans une autre langue. Vous pouvez cliquer le lien pour changer de langue active.<\/p><p><\/p>\n<div id=\"titolo-descrizione\">\n<h1><strong>Un Albergo. Il Centro Storico. Pisa.<\/strong><\/h1>\n<\/div>\n<p><strong>Il soggiorno ideale \u00e8 all&#8217;Hotel Bologna.<\/strong><\/p>\n<p>Un <a href=\"http:\/\/www.hotelbologna.pisa.it\/hotel.php\" target=\"_blank\"><strong>Albergo nel Centro Storico di Pisa<\/strong><\/a>, la poesia dell&#8217;atmosfera toscana, il particolare passato di Repubblica Marinara, le rive dell&#8217;Arno, la magnificenza di <strong>Piazza dei Miracoli<\/strong>, la centralit\u00e0 di una citt\u00e0 importante che non ha per\u00f2 dimenticato le <strong>proprie tradizioni<\/strong>: Pisa \u00e8 perfetta in ogni stagione per essere scelta come <strong>meta delle proprie vacanze<\/strong>.<br \/>\nE l&#8217;<strong>Hotel Bologna, Albergo nel Centro Storico di Pisa<\/strong>, pu\u00f2 offrirti tutte le comodit\u00e0 per poterla apprezzare e vivere al meglio.<\/p>\n<p>L&#8217;<strong>Hotel Bologna<\/strong> si trova nelle vicinanze della<strong> Stazione Ferroviaria<\/strong> e dei<strong> principali edifici storici<\/strong>, raggiungibili a piedi in pochi minuti, ma non \u00e8 distante nemmeno dall&#8217;<strong>Aeroporto<\/strong> e delle pi\u00f9 importanti vie di Comunicazioni, che distano soltanto 3 km.<\/p>\n<p>L&#8217;Hotel \u00e8 fornito di un <strong>Parcheggio interno <\/strong>riservato e pu\u00f2 essere rilasciato ai clienti un esclusivo permesso, direttamente in Albergo, per il <strong>Centro Storico di Pisa<\/strong> e le<strong> zone a traffico limitato<\/strong>.<\/p>\n<p>Per i <strong>soggiorni di lavoro<\/strong> l&#8217;albergo mette a disposizione un&#8217; ampia e versatile<strong> <a href=\"http:\/\/www.hotelbologna.pisa.it\/salameeting.php?cam=1\" target=\"_blank\">Sala Meeting<\/a><\/strong> e una caratteristica <a href=\"http:\/\/www.hotelbologna.pisa.it\/terrazza.php\" target=\"_blank\"><strong>Terrazza<\/strong><\/a> pu\u00f2 concedere attimi di pace e relax al fresco in mezzo al verde.<\/p>\n<p>Consulta le varie sezioni del sito internet di questo esclusivo <a href=\"http:\/\/www.hotelbologna.pisa.it\/\" target=\"_blank\"><strong>Albergo nel Centro Storico di Pisa<\/strong><\/a> per scoprire tutti gli ulteriori servizi che \u00e8 in grado di fornire: TV satellitare, wifi, cassaforte, frigo bar con acqua gratuita, bollitore, climatizzatore autonomo in ogni stanza, servizio in camera 24h, colazione continentale, lavanderia, noleggio bici e scooter, internet point, area bar, sala lettura,servizio shuttle.<\/p>\n<div><a href=\"http:\/\/www.hotelbologna.pisa.it\/\"><img loading=\"lazy\" class=\"wp-image-4316 size-full aligncenter\" src=\"http:\/\/www.hotelbologna.pisa.it\/wp-content\/uploads\/2016\/04\/albergo-centro-storico-pisa.jpg\" alt=\"albergo-centro-storico-pisa\" width=\"580\" height=\"240\" srcset=\"https:\/\/hotelbologna.pisa.it\/wp-content\/uploads\/2016\/04\/albergo-centro-storico-pisa.jpg 580w, https:\/\/hotelbologna.pisa.it\/wp-content\/uploads\/2016\/04\/albergo-centro-storico-pisa-300x124.jpg 300w\" sizes=\"(max-width: 580px) 100vw, 580px\" \/><\/a><\/div>\n<p><\/p>","protected":false},"excerpt":{"rendered":"<p>D\u00e9sol\u00e9, cet article est seulement disponible en Italien. Pour le confort de l\u2019utilisateur, le contenu est affich\u00e9 ci-dessous dans une autre langue. Vous pouvez cliquer le lien pour changer de langue active. Un Albergo. Il Centro Storico. Pisa. Il soggiorno ideale \u00e8 all&#8217;Hotel Bologna. Un Albergo nel Centro Storico di Pisa, la poesia dell&#8217;atmosfera toscana,&#8230; <\/p>\n<div class=\"clear\"><\/div>\n<p><a href=\"https:\/\/hotelbologna.pisa.it\/fr\/hotel_pisa\/albergo-centro-storico-pisa.html\" class=\"excerpt-read-more\">Continue Reading<i class=\"fa fa-long-arrow-right icon-long-arrow-right\"><\/i><\/a><\/p>\n","protected":false},"author":1,"featured_media":0,"parent":4225,"menu_order":0,"comment_status":"closed","ping_status":"closed","template":"","meta":[],"_links":{"self":[{"href":"https:\/\/hotelbologna.pisa.it\/fr\/wp-json\/wp\/v2\/pages\/4315"}],"collection":[{"href":"https:\/\/hotelbologna.pisa.it\/fr\/wp-json\/wp\/v2\/pages"}],"about":[{"href":"https:\/\/hotelbologna.pisa.it\/fr\/wp-json\/wp\/v2\/types\/page"}],"author":[{"embeddable":true,"href":"https:\/\/hotelbologna.pisa.it\/fr\/wp-json\/wp\/v2\/users\/1"}],"replies":[{"embeddable":true,"href":"https:\/\/hotelbologna.pisa.it\/fr\/wp-json\/wp\/v2\/comments?post=4315"}],"version-history":[{"count":1,"href":"https:\/\/hotelbologna.pisa.it\/fr\/wp-json\/wp\/v2\/pages\/4315\/revisions"}],"predecessor-version":[{"id":4317,"href":"https:\/\/hotelbologna.pisa.it\/fr\/wp-json\/wp\/v2\/pages\/4315\/revisions\/4317"}],"up":[{"embeddable":true,"href":"https:\/\/hotelbologna.pisa.it\/fr\/wp-json\/wp\/v2\/pages\/4225"}],"wp:attachment":[{"href":"https:\/\/hotelbologna.pisa.it\/fr\/wp-json\/wp\/v2\/media?parent=4315"}],"curies":[{"name":"wp","href":"https:\/\/api.w.org\/{rel}","templated":true}]}}