{"id":4278,"date":"2016-04-13T17:04:14","date_gmt":"2016-04-13T15:04:14","guid":{"rendered":"http:\/\/www.proclic-test.it\/hotel\/?page_id=4278"},"modified":"2016-04-13T17:08:18","modified_gmt":"2016-04-13T15:08:18","slug":"hotel-parcheggio-pisa","status":"publish","type":"page","link":"https:\/\/hotelbologna.pisa.it\/nl\/hotel_pisa\/hotel-parcheggio-pisa.html","title":{"rendered":"Hotel Parcheggio Pisa"},"content":{"rendered":"<p class=\"qtranxs-available-languages-message qtranxs-available-languages-message-nl\">Onze verontschuldigingen, dit bericht is alleen beschikbaar in <a href=\"https:\/\/hotelbologna.pisa.it\/it\/wp-json\/wp\/v2\/pages\/4278\" class=\"qtranxs-available-language-link qtranxs-available-language-link-it\" title=\"Italiano\">Italiaans<\/a>. Voor het gemak van de kijker, is de inhoud hieronder weergegeven in de alternatieve taal. Je kunt klikken op de link om naar de actieve taal over te schakelen.<\/p><p><\/p>\n<div id=\"descrizione\">\n<div id=\"titolo-descrizione\">\n<h1><strong>Albergo Pisa: 4 stelle per il massimo della qualit\u00e0 e dell\u2019eleganza!<\/strong><\/h1>\n<\/div>\n<p>Visitare una citt\u00e0 storica a volte risulta difficile perch\u00e8 non sempre c&#8217;\u00e8 la comodit\u00e0 per raggiungerla e quando si decide di organizzare una vacanza, bisogna considerare tutte le comodit\u00e0.<\/p>\n<p>Uno dei maggiori problemi a Pisa \u00e8 il parcheggio, soprattutto per chi non conosce bene la citt\u00e0. Ecco perch\u00e8 nel Parking hotel di Pisa, l\u2019Hotel Bologna, troverete un parcheggio interno: Pisa diventer\u00e0 facile da visitare, grazie alla posizione centrale dell\u2019albergo.<\/p>\n<p>Il vostro albergo con parcheggio a Pisa \u00e8 il rinomato Hotel Bologna, situato nel centro storico di Pisa, in un palazzo elegante, dalla tipica architettura toscana. Da qui potrete raggiungere facilmente il Duomo, il Corso e i principali monumenti storici della citt\u00e0, con la tranquillit\u00e0 di sapere la vostra vettura custodita. Se invece voleste approfittarne, diamo ai nostri clienti la possibilit\u00e0 di usufruire di uno speciale permesso di transito per le zone a traffico limitato.<\/p>\n<p>L\u2019Hotel Bologna vi accoglier\u00e0 con il suo staff multilingue, elegante e discreto, ma sempre attento alle vostre esigenze. Nel nostro sito trovate tutti i servizi che offriamo, oltre alle immagini delle nostre camere, ampie e confortevoli, con cassaforte, minibar e connessione wifi; una luminosa terrazza; servizio lavanderia; sala meeting dotata di videoproiettore. Il nostro staff sar\u00e0 inoltre a vostra disposizione per l\u2019organizzazione di escursioni, alla scoperta delle bellezze cittadine.<\/p>\n<p>Scegliete l\u2019<a title=\"hotel pisa\" href=\"http:\/\/www.hotelbologna.pisa.it\/default.php\"><strong>Hotel Bologna<\/strong><\/a> con ampi garage custoditi a Pisa!<\/p>\n<\/div>\n<div id=\"noi\"><\/div>\n<p><\/p>","protected":false},"excerpt":{"rendered":"<p>Onze verontschuldigingen, dit bericht is alleen beschikbaar in Italiaans. Voor het gemak van de kijker, is de inhoud hieronder weergegeven in de alternatieve taal. Je kunt klikken op de link om naar de actieve taal over te schakelen. Albergo Pisa: 4 stelle per il massimo della qualit\u00e0 e dell\u2019eleganza! Visitare una citt\u00e0 storica a volte&#8230; <\/p>\n<div class=\"clear\"><\/div>\n<p><a href=\"https:\/\/hotelbologna.pisa.it\/nl\/hotel_pisa\/hotel-parcheggio-pisa.html\" class=\"excerpt-read-more\">Continue Reading<i class=\"fa fa-long-arrow-right icon-long-arrow-right\"><\/i><\/a><\/p>\n","protected":false},"author":1,"featured_media":0,"parent":4225,"menu_order":0,"comment_status":"closed","ping_status":"closed","template":"","meta":[],"_links":{"self":[{"href":"https:\/\/hotelbologna.pisa.it\/nl\/wp-json\/wp\/v2\/pages\/4278"}],"collection":[{"href":"https:\/\/hotelbologna.pisa.it\/nl\/wp-json\/wp\/v2\/pages"}],"about":[{"href":"https:\/\/hotelbologna.pisa.it\/nl\/wp-json\/wp\/v2\/types\/page"}],"author":[{"embeddable":true,"href":"https:\/\/hotelbologna.pisa.it\/nl\/wp-json\/wp\/v2\/users\/1"}],"replies":[{"embeddable":true,"href":"https:\/\/hotelbologna.pisa.it\/nl\/wp-json\/wp\/v2\/comments?post=4278"}],"version-history":[{"count":2,"href":"https:\/\/hotelbologna.pisa.it\/nl\/wp-json\/wp\/v2\/pages\/4278\/revisions"}],"predecessor-version":[{"id":4287,"href":"https:\/\/hotelbologna.pisa.it\/nl\/wp-json\/wp\/v2\/pages\/4278\/revisions\/4287"}],"up":[{"embeddable":true,"href":"https:\/\/hotelbologna.pisa.it\/nl\/wp-json\/wp\/v2\/pages\/4225"}],"wp:attachment":[{"href":"https:\/\/hotelbologna.pisa.it\/nl\/wp-json\/wp\/v2\/media?parent=4278"}],"curies":[{"name":"wp","href":"https:\/\/api.w.org\/{rel}","templated":true}]}}