{"id":4313,"date":"2016-04-13T17:22:31","date_gmt":"2016-04-13T15:22:31","guid":{"rendered":"http:\/\/www.proclic-test.it\/hotel\/?page_id=4313"},"modified":"2016-04-13T17:22:31","modified_gmt":"2016-04-13T15:22:31","slug":"hotel-tradizionale-pisa-centro","status":"publish","type":"page","link":"https:\/\/hotelbologna.pisa.it\/ru\/hotel_pisa\/hotel-tradizionale-pisa-centro.html","title":{"rendered":"Hotel Tradizionale Pisa Centro"},"content":{"rendered":"<p class=\"qtranxs-available-languages-message qtranxs-available-languages-message-ru\">\u0418\u0437\u0432\u0438\u043d\u0438\u0442\u0435, \u044d\u0442\u043e\u0442 \u0442\u0435\u0445\u0442 \u0434\u043e\u0441\u0442\u0443\u043f\u0435\u043d \u0442\u043e\u043b\u044c\u043a\u043e \u0432 &ldquo;<a href=\"https:\/\/hotelbologna.pisa.it\/it\/wp-json\/wp\/v2\/pages\/4313\" class=\"qtranxs-available-language-link qtranxs-available-language-link-it\" title=\"Italiano\">\u0418\u0442\u0430\u043b\u044c\u044f\u043d\u0441\u043a\u0438\u0439<\/a>&rdquo;. For the sake of viewer convenience, the content is shown below in the alternative language. You may click the link to switch the active language.<\/p><p><\/p>\n<div id=\"titolo-descrizione\">\n<h1><strong>Hotel Tradizionale Pisa centro: Hotel Bologna la scelta ideale<\/strong><\/h1>\n<\/div>\n<p>State pensando di andare in vacanza a Pisa e cercate un <a title=\"hotel pisa\" href=\"http:\/\/www.hotelbologna.pisa.it\/default.php\"><strong>Hotel Tradizionale in centro a Pisa<\/strong><\/a>?<\/p>\n<p>La soluzione \u00e8 senza dubbio l\u2019<strong>Hotel Bologna<\/strong>. A pochi passi dal duomo e dal centro storico, in un elegante palazzo arredato secondo la tradizione toscana, l\u2019hotel \u00e8<strong> comodamente raggiungibile<\/strong> dalla stazione e dalle autostrade.<\/p>\n<p><strong>Pisa<\/strong> \u00e8 una provincia a misura d\u2019uomo. Non \u00e8 afflitta dai problemi del traffico che sono presenti altrove e allo stesso tempo \u00e8 una citt\u00e0 ricca di arte, di monumenti celebrati ma anche di piccoli e intensi scorci architettonici che vanno scoperti di volta in volta.<br \/>\nL\u2019<strong>Hotel Bologna di Pisa<\/strong> mette a disposizione dei suoi clienti le <strong>biciclette per muovervi con comodit\u00e0<\/strong>, i quali potranno creare con estrema flessibilit\u00e0 il proprio percorso di visita a Pisa.<\/p>\n<p>Tra gli Hotel a Pisa, l\u2019<strong>Hotel Bologna<\/strong> spicca per l\u2019<strong>eleganza<\/strong> e le <strong>offerte<\/strong> di cui godono i clienti: sala meeting, connessione wifi, ampia terrazza, parcheggio interno custodito. C\u2019\u00e8 poi la possibilit\u00e0 di usufruire di vetture di lusso per un servizio di <strong>shuttle da e per l&#8217;aereoporto<\/strong>, o dell\u2019<strong>organizzazione di escursioni sull\u2019Arno<\/strong> o nel<strong>centro storico<\/strong>. Il tutto in una cornice d\u2019altri tempi, in cui i vostri desideri saranno presi come esigenze dallo<strong>staff multilingue<\/strong>.<\/p>\n<p>Da oltre 50 anni la famiglia Gherardi, proprietaria dell\u2019<strong>Hotel Bologna a Pisa<\/strong>, s\u2019impegna nell\u2019offrire un\u2019ospitalit\u00e0 di prim\u2019ordine, basata sulla cortesia e sul continuo adeguamento dei propri servizi rispetto alle esigenze dei tempi.<\/p>\n<p>Inoltre all\u2019Hotel Bologna di Pisa potrete trovare parcheggio interno custodito, colazione continentale arricchita da uova, salumi e formaggi, servizio lavanderia, internet point nella hall, area bar, sala lettura, noleggio biciclette e shuttle service (a pagamento).<\/p>\n<p>Cosa aspetti, guarda sul sito dell\u2019<strong>Hotel Bologna di Pisa<\/strong> <a title=\"camere hotel pisa\" href=\"http:\/\/www.hotelbologna.pisa.it\/camere.php\">le foto delle camere<\/a> e <a title=\"hotel pisa\" href=\"http:\/\/www.hotelbologna.pisa.it\/default.php\"><strong>prenota subito<\/strong><\/a>!<\/p>","protected":false},"excerpt":{"rendered":"<p>\u0418\u0437\u0432\u0438\u043d\u0438\u0442\u0435, \u044d\u0442\u043e\u0442 \u0442\u0435\u0445\u0442 \u0434\u043e\u0441\u0442\u0443\u043f\u0435\u043d \u0442\u043e\u043b\u044c\u043a\u043e \u0432 &ldquo;\u0418\u0442\u0430\u043b\u044c\u044f\u043d\u0441\u043a\u0438\u0439&rdquo;. For the sake of viewer convenience, the content is shown below in the alternative language. You may click the link to switch the active language. Hotel Tradizionale Pisa centro: Hotel Bologna la scelta ideale State pensando di andare in vacanza a Pisa e cercate un Hotel Tradizionale in&#8230; <\/p>\n<div class=\"clear\"><\/div>\n<p><a href=\"https:\/\/hotelbologna.pisa.it\/ru\/hotel_pisa\/hotel-tradizionale-pisa-centro.html\" class=\"excerpt-read-more\">Continue Reading<i class=\"fa fa-long-arrow-right icon-long-arrow-right\"><\/i><\/a><\/p>\n","protected":false},"author":1,"featured_media":0,"parent":4225,"menu_order":0,"comment_status":"closed","ping_status":"closed","template":"","meta":[],"_links":{"self":[{"href":"https:\/\/hotelbologna.pisa.it\/ru\/wp-json\/wp\/v2\/pages\/4313"}],"collection":[{"href":"https:\/\/hotelbologna.pisa.it\/ru\/wp-json\/wp\/v2\/pages"}],"about":[{"href":"https:\/\/hotelbologna.pisa.it\/ru\/wp-json\/wp\/v2\/types\/page"}],"author":[{"embeddable":true,"href":"https:\/\/hotelbologna.pisa.it\/ru\/wp-json\/wp\/v2\/users\/1"}],"replies":[{"embeddable":true,"href":"https:\/\/hotelbologna.pisa.it\/ru\/wp-json\/wp\/v2\/comments?post=4313"}],"version-history":[{"count":1,"href":"https:\/\/hotelbologna.pisa.it\/ru\/wp-json\/wp\/v2\/pages\/4313\/revisions"}],"predecessor-version":[{"id":4314,"href":"https:\/\/hotelbologna.pisa.it\/ru\/wp-json\/wp\/v2\/pages\/4313\/revisions\/4314"}],"up":[{"embeddable":true,"href":"https:\/\/hotelbologna.pisa.it\/ru\/wp-json\/wp\/v2\/pages\/4225"}],"wp:attachment":[{"href":"https:\/\/hotelbologna.pisa.it\/ru\/wp-json\/wp\/v2\/media?parent=4313"}],"curies":[{"name":"wp","href":"https:\/\/api.w.org\/{rel}","templated":true}]}}